{"id":508,"date":"2023-04-18T15:03:28","date_gmt":"2023-04-18T13:03:28","guid":{"rendered":"http:\/\/75.119.146.20\/?page_id=508"},"modified":"2023-06-20T21:21:43","modified_gmt":"2023-06-20T19:21:43","slug":"firmenkunden","status":"publish","type":"page","link":"https:\/\/bmm-rentenberatung.de\/index.php\/firmenkunden\/","title":{"rendered":"Firmenkunden"},"content":{"rendered":"\t\t<div data-elementor-type=\"wp-page\" data-elementor-id=\"508\" class=\"elementor elementor-508\" data-elementor-post-type=\"page\">\n\t\t\t\t<div class=\"elementor-element elementor-element-8d76302 start e-flex e-con-boxed e-con e-parent\" data-id=\"8d76302\" data-element_type=\"container\" data-e-type=\"container\" id=\"start\" data-settings=\"{&quot;jet_parallax_layout_list&quot;:[{&quot;_id&quot;:&quot;c6a9dc6&quot;,&quot;jet_parallax_layout_image&quot;:{&quot;url&quot;:&quot;&quot;,&quot;id&quot;:&quot;&quot;,&quot;size&quot;:&quot;&quot;},&quot;jet_parallax_layout_image_tablet&quot;:{&quot;url&quot;:&quot;&quot;,&quot;id&quot;:&quot;&quot;,&quot;size&quot;:&quot;&quot;},&quot;jet_parallax_layout_image_mobile&quot;:{&quot;url&quot;:&quot;&quot;,&quot;id&quot;:&quot;&quot;,&quot;size&quot;:&quot;&quot;},&quot;jet_parallax_layout_speed&quot;:{&quot;unit&quot;:&quot;%&quot;,&quot;size&quot;:50,&quot;sizes&quot;:[]},&quot;jet_parallax_layout_type&quot;:&quot;scroll&quot;,&quot;jet_parallax_layout_direction&quot;:&quot;1&quot;,&quot;jet_parallax_layout_fx_direction&quot;:null,&quot;jet_parallax_layout_z_index&quot;:&quot;&quot;,&quot;jet_parallax_layout_bg_x&quot;:50,&quot;jet_parallax_layout_bg_x_tablet&quot;:&quot;&quot;,&quot;jet_parallax_layout_bg_x_mobile&quot;:&quot;&quot;,&quot;jet_parallax_layout_bg_y&quot;:50,&quot;jet_parallax_layout_bg_y_tablet&quot;:&quot;&quot;,&quot;jet_parallax_layout_bg_y_mobile&quot;:&quot;&quot;,&quot;jet_parallax_layout_bg_size&quot;:&quot;auto&quot;,&quot;jet_parallax_layout_bg_size_tablet&quot;:&quot;&quot;,&quot;jet_parallax_layout_bg_size_mobile&quot;:&quot;&quot;,&quot;jet_parallax_layout_animation_prop&quot;:&quot;transform&quot;,&quot;jet_parallax_layout_on&quot;:[&quot;desktop&quot;,&quot;tablet&quot;]}],&quot;background_background&quot;:&quot;classic&quot;}\">\n\t\t\t\t\t<div class=\"e-con-inner\">\n\t\t<div class=\"elementor-element elementor-element-cb83a7a e-con-full e-flex e-con e-parent\" data-id=\"cb83a7a\" data-element_type=\"container\" data-e-type=\"container\" data-settings=\"{&quot;jet_parallax_layout_list&quot;:[]}\">\n\t\t\t\t<div class=\"elementor-element elementor-element-46139a0 elementor-widget elementor-widget-jet-headline\" data-id=\"46139a0\" data-element_type=\"widget\" data-e-type=\"widget\" data-widget_type=\"jet-headline.default\">\n\t\t\t\t<div class=\"elementor-widget-container\">\n\t\t\t\t\t<h2 class=\"jet-headline jet-headline--direction-horizontal\"><span class=\"jet-headline__part jet-headline__first\"><span class=\"jet-headline__label\">Rentenberatung f\u00fcr Firmenkunden<\/span><\/span><span class=\"jet-headline__space\">&nbsp;<\/span><\/h2>\t\t\t\t<\/div>\n\t\t\t\t<\/div>\n\t\t\t\t<div class=\"elementor-element elementor-element-61d42bd elementor-widget elementor-widget-text-editor\" data-id=\"61d42bd\" data-element_type=\"widget\" data-e-type=\"widget\" data-widget_type=\"text-editor.default\">\n\t\t\t\t<div class=\"elementor-widget-container\">\n\t\t\t\t\t\t\t\t\t<p>Erfahren Sie mehr \u00fcber unsere Dienstleistungen und wie wir Ihnen helfen k\u00f6nnen, die besten Rentenl\u00f6sungen f\u00fcr Ihr Unternehmen zu finden.<\/p>\t\t\t\t\t\t\t\t<\/div>\n\t\t\t\t<\/div>\n\t\t\t\t<div class=\"elementor-element elementor-element-6988ad2 elementor-widget elementor-widget-html\" data-id=\"6988ad2\" data-element_type=\"widget\" data-e-type=\"widget\" data-widget_type=\"html.default\">\n\t\t\t\t<div class=\"elementor-widget-container\">\n\t\t\t\t\t<script>\nfunction hasClass(element, className) {\n    return (' ' + element.className + ' ').indexOf(' ' + className+ ' ') > -1\n}\nfunction setCookie(cname, cvalue, exdays) {\n  var d = new Date()\n  d.setTime( d.getTime() + ( exdays * 24*60*60*1000) )\n  let expires = 'expires=' + d.toUTCString()\n  document.cookie = cname + '=' + cvalue + ';' + expires + ';path=\/'\n}\nfunction getCookie(cname) {\n  var name = cname + '=',\n    decodedCookie = decodeURIComponent(document.cookie),\n    ca = decodedCookie.split(';')\n    \n  for(let i = 0; i <ca.length; i++) {\n    var c = ca[i]\n    while (c.charAt(0) == ' ') {\n      c = c.substring(1)\n    }\n    if (c.indexOf(name) == 0) {\n      return c.substring(name.length, c.length)\n    }\n  }\n  return ''\n}\ndocument.addEventListener(\"DOMContentLoaded\", function(){\nif( getCookie('dark') == 'yes' ) {\n    document.querySelector('body').classList.add('dark')    \n}\ndocument.querySelector('.dark-toggle').addEventListener('click', function(){\n    \n    document.querySelector('body').classList.toggle('dark')\n    \n    if( hasClass(document.querySelector('body'), 'dark') ) {\n        setCookie('dark', 'yes', 30)\n    } else {\n        setCookie('dark', 'no', 30)\n    }\n})\n})\n<\/script>\t\t\t\t<\/div>\n\t\t\t\t<\/div>\n\t\t<div class=\"elementor-element elementor-element-fae9c6c dark-toggle e-flex e-con-boxed e-con e-parent\" data-id=\"fae9c6c\" data-element_type=\"container\" data-e-type=\"container\" data-settings=\"{&quot;jet_parallax_layout_list&quot;:[]}\">\n\t\t\t\t\t<div class=\"e-con-inner\">\n\t\t\t\t<div class=\"elementor-element elementor-element-4faf25b elementor-widget-divider--view-line elementor-widget elementor-widget-divider\" data-id=\"4faf25b\" data-element_type=\"widget\" data-e-type=\"widget\" data-widget_type=\"divider.default\">\n\t\t\t\t<div class=\"elementor-widget-container\">\n\t\t\t\t\t\t\t<div class=\"elementor-divider\">\n\t\t\t<span class=\"elementor-divider-separator\">\n\t\t\t\t\t\t<\/span>\n\t\t<\/div>\n\t\t\t\t\t\t<\/div>\n\t\t\t\t<\/div>\n\t\t\t\t<div class=\"elementor-element elementor-element-9b0cc45 elementor-widget__width-initial elementor-absolute elementor-view-default elementor-widget elementor-widget-icon\" data-id=\"9b0cc45\" data-element_type=\"widget\" data-e-type=\"widget\" data-settings=\"{&quot;_position&quot;:&quot;absolute&quot;}\" data-widget_type=\"icon.default\">\n\t\t\t\t<div class=\"elementor-widget-container\">\n\t\t\t\t\t\t\t<div class=\"elementor-icon-wrapper\">\n\t\t\t<div class=\"elementor-icon\">\n\t\t\t<i aria-hidden=\"true\" class=\"far fa-moon\"><\/i>\t\t\t<\/div>\n\t\t<\/div>\n\t\t\t\t\t\t<\/div>\n\t\t\t\t<\/div>\n\t\t\t\t\t<\/div>\n\t\t\t\t<\/div>\n\t\t\t\t<\/div>\n\t\t\t\t\t<\/div>\n\t\t\t\t<\/div>\n\t\t<div class=\"elementor-element elementor-element-24ce42e e-flex e-con-boxed elementor-invisible e-con e-parent\" data-id=\"24ce42e\" data-element_type=\"container\" data-e-type=\"container\" data-settings=\"{&quot;background_background&quot;:&quot;classic&quot;,&quot;jet_parallax_layout_list&quot;:[],&quot;animation&quot;:&quot;fadeIn&quot;,&quot;animation_delay&quot;:300}\">\n\t\t\t\t\t<div class=\"e-con-inner\">\n\t\t<div class=\"elementor-element elementor-element-c02b378 e-con-full e-flex e-con e-parent\" data-id=\"c02b378\" data-element_type=\"container\" data-e-type=\"container\" data-settings=\"{&quot;jet_parallax_layout_list&quot;:[]}\">\n\t\t\t\t<div class=\"elementor-element elementor-element-e0345f3 elementor-widget elementor-widget-heading\" data-id=\"e0345f3\" data-element_type=\"widget\" data-e-type=\"widget\" data-widget_type=\"heading.default\">\n\t\t\t\t<div class=\"elementor-widget-container\">\n\t\t\t\t\t<h2 class=\"elementor-heading-title elementor-size-default\">Firmenkunden<\/h2>\t\t\t\t<\/div>\n\t\t\t\t<\/div>\n\t\t\t\t<\/div>\n\t\t<div class=\"elementor-element elementor-element-7cccd70 e-con-full e-flex e-con e-parent\" data-id=\"7cccd70\" data-element_type=\"container\" data-e-type=\"container\" data-settings=\"{&quot;jet_parallax_layout_list&quot;:[]}\">\n\t\t\t\t<div class=\"elementor-element elementor-element-af0d559 elementor-widget elementor-widget-text-editor\" data-id=\"af0d559\" data-element_type=\"widget\" data-e-type=\"widget\" data-widget_type=\"text-editor.default\">\n\t\t\t\t<div class=\"elementor-widget-container\">\n\t\t\t\t\t\t\t\t\t<ul><li>Statusfeststellungsverfahren f\u00fcr Gesellschafter\/Gesch\u00e4ftsf\u00fchrer, mitarbeitende Familienangeh\u00f6rige und Selbst\u00e4ndige<\/li><li>Konzepterstellung zur Durchsetzung der Sozialversicherungsfreiheit<\/li><li>Pr\u00fcfung der Pflicht zur Beitragszahlung<\/li><li>Befreiung von der Beitragszahlung<\/li><li>Rentabilit\u00e4tspr\u00fcfung von freiwilligen Beitr\u00e4gen und Pflichtbeitr\u00e4gen<\/li><li>Optimierung der Beitragszahlung<\/li><li>neutrale Information f\u00fcr Ihre Mitarbeiter durch einen au\u00dfenstehenden Berater<\/li><li>Unterst\u00fctzung bei Problemf\u00e4llen (z.B. Mitarbeiter mit langen Ausfallzeiten)<\/li><\/ul>\t\t\t\t\t\t\t\t<\/div>\n\t\t\t\t<\/div>\n\t\t\t\t<\/div>\n\t\t\t\t\t<\/div>\n\t\t\t\t<\/div>\n\t\t<div class=\"elementor-element elementor-element-da1fb12 e-flex e-con-boxed e-con e-parent\" data-id=\"da1fb12\" data-element_type=\"container\" data-e-type=\"container\" data-settings=\"{&quot;jet_parallax_layout_list&quot;:[],&quot;background_background&quot;:&quot;classic&quot;}\">\n\t\t\t\t\t<div class=\"e-con-inner\">\n\t\t<div class=\"elementor-element elementor-element-bae6328 e-con-full e-flex e-con e-parent\" data-id=\"bae6328\" data-element_type=\"container\" data-e-type=\"container\" data-settings=\"{&quot;jet_parallax_layout_list&quot;:[]}\">\n\t\t\t\t<div class=\"elementor-element elementor-element-0da184d elementor-widget elementor-widget-heading\" data-id=\"0da184d\" data-element_type=\"widget\" data-e-type=\"widget\" data-widget_type=\"heading.default\">\n\t\t\t\t<div class=\"elementor-widget-container\">\n\t\t\t\t\t<h3 class=\"elementor-heading-title elementor-size-default\"><a href=\"https:\/\/bmm-rentenberatung.de\/index.php\/kontakt\/\">Jetzt Termin zur Rentenberatung vereinbaren!<\/a><\/h3>\t\t\t\t<\/div>\n\t\t\t\t<\/div>\n\t\t\t\t<div class=\"elementor-element elementor-element-76a4a38 elementor-align-center elementor-widget elementor-widget-button\" data-id=\"76a4a38\" data-element_type=\"widget\" data-e-type=\"widget\" data-widget_type=\"button.default\">\n\t\t\t\t<div class=\"elementor-widget-container\">\n\t\t\t\t\t\t\t\t\t<div class=\"elementor-button-wrapper\">\n\t\t\t\t\t<a class=\"elementor-button elementor-button-link elementor-size-sm elementor-animation-pop\" href=\"https:\/\/bmm-rentenberatung.de\/index.php\/kontakt\/\">\n\t\t\t\t\t\t<span class=\"elementor-button-content-wrapper\">\n\t\t\t\t\t\t\t\t\t<span class=\"elementor-button-text\">Kontakt aufnehmen<\/span>\n\t\t\t\t\t<\/span>\n\t\t\t\t\t<\/a>\n\t\t\t\t<\/div>\n\t\t\t\t\t\t\t\t<\/div>\n\t\t\t\t<\/div>\n\t\t\t\t<\/div>\n\t\t\t\t\t<\/div>\n\t\t\t\t<\/div>\n\t\t<div class=\"elementor-element elementor-element-9bb7322 e-flex e-con-boxed elementor-invisible e-con e-parent\" data-id=\"9bb7322\" data-element_type=\"container\" data-e-type=\"container\" data-settings=\"{&quot;background_background&quot;:&quot;classic&quot;,&quot;jet_parallax_layout_list&quot;:[],&quot;animation&quot;:&quot;fadeIn&quot;,&quot;animation_delay&quot;:300}\">\n\t\t\t\t\t<div class=\"e-con-inner\">\n\t\t<div class=\"elementor-element elementor-element-7034c95 e-con-full e-flex e-con e-parent\" data-id=\"7034c95\" data-element_type=\"container\" data-e-type=\"container\" data-settings=\"{&quot;jet_parallax_layout_list&quot;:[]}\">\n\t\t\t\t<div class=\"elementor-element elementor-element-0947e82 elementor-widget elementor-widget-heading\" data-id=\"0947e82\" data-element_type=\"widget\" data-e-type=\"widget\" data-widget_type=\"heading.default\">\n\t\t\t\t<div class=\"elementor-widget-container\">\n\t\t\t\t\t<h2 class=\"elementor-heading-title elementor-size-default\">HR-Abteilungen &amp; Betriebsr\u00e4te<\/h2>\t\t\t\t<\/div>\n\t\t\t\t<\/div>\n\t\t\t\t<\/div>\n\t\t<div class=\"elementor-element elementor-element-81a06ab e-con-full e-flex e-con e-parent\" data-id=\"81a06ab\" data-element_type=\"container\" data-e-type=\"container\" data-settings=\"{&quot;jet_parallax_layout_list&quot;:[]}\">\n\t\t\t\t<div class=\"elementor-element elementor-element-4d4674a elementor-widget elementor-widget-text-editor\" data-id=\"4d4674a\" data-element_type=\"widget\" data-e-type=\"widget\" data-widget_type=\"text-editor.default\">\n\t\t\t\t<div class=\"elementor-widget-container\">\n\t\t\t\t\t\t\t\t\t<ul><li>bei der Durchf\u00fchrung von Fr\u00fchpensionierungsmodellen<\/li><li>als Vermittler bei Personalgespr\u00e4chen<\/li><li>als Konfliktl\u00f6ser bei der K\u00fcndigung von Arbeitsvertr\u00e4gen; wir pr\u00fcfen in diesen F\u00e4llen, ob es eine M\u00f6glichkeit gibt, eine Altersrente oder eine Rente wegen verminderter Erwerbsf\u00e4higkeit durchzusetzen und die Abschl\u00e4ge f\u00fcr die vorzeitige Inanspruchnahme zu vermindern.<\/li><\/ul>\t\t\t\t\t\t\t\t<\/div>\n\t\t\t\t<\/div>\n\t\t\t\t<\/div>\n\t\t\t\t\t<\/div>\n\t\t\t\t<\/div>\n\t\t\t\t<\/div>\n\t\t","protected":false},"excerpt":{"rendered":"<p>Rentenberatung f\u00fcr Firmenkunden&nbsp; Erfahren Sie mehr \u00fcber unsere Dienstleistungen und wie wir Ihnen helfen k\u00f6nnen, die besten Rentenl\u00f6sungen f\u00fcr Ihr Unternehmen zu finden. Firmenkunden Statusfeststellungsverfahren f\u00fcr Gesellschafter\/Gesch\u00e4ftsf\u00fchrer, mitarbeitende Familienangeh\u00f6rige und Selbst\u00e4ndige Konzepterstellung zur Durchsetzung der Sozialversicherungsfreiheit Pr\u00fcfung der Pflicht zur Beitragszahlung Befreiung von der Beitragszahlung Rentabilit\u00e4tspr\u00fcfung von freiwilligen Beitr\u00e4gen und Pflichtbeitr\u00e4gen Optimierung der Beitragszahlung neutrale [&hellip;]<\/p>\n","protected":false},"author":2,"featured_media":0,"parent":0,"menu_order":0,"comment_status":"closed","ping_status":"closed","template":"elementor_header_footer","meta":{"footnotes":""},"class_list":["post-508","page","type-page","status-publish","hentry"],"_links":{"self":[{"href":"https:\/\/bmm-rentenberatung.de\/index.php\/wp-json\/wp\/v2\/pages\/508","targetHints":{"allow":["GET"]}}],"collection":[{"href":"https:\/\/bmm-rentenberatung.de\/index.php\/wp-json\/wp\/v2\/pages"}],"about":[{"href":"https:\/\/bmm-rentenberatung.de\/index.php\/wp-json\/wp\/v2\/types\/page"}],"author":[{"embeddable":true,"href":"https:\/\/bmm-rentenberatung.de\/index.php\/wp-json\/wp\/v2\/users\/2"}],"replies":[{"embeddable":true,"href":"https:\/\/bmm-rentenberatung.de\/index.php\/wp-json\/wp\/v2\/comments?post=508"}],"version-history":[{"count":133,"href":"https:\/\/bmm-rentenberatung.de\/index.php\/wp-json\/wp\/v2\/pages\/508\/revisions"}],"predecessor-version":[{"id":3120,"href":"https:\/\/bmm-rentenberatung.de\/index.php\/wp-json\/wp\/v2\/pages\/508\/revisions\/3120"}],"wp:attachment":[{"href":"https:\/\/bmm-rentenberatung.de\/index.php\/wp-json\/wp\/v2\/media?parent=508"}],"curies":[{"name":"wp","href":"https:\/\/api.w.org\/{rel}","templated":true}]}}