{"id":1306,"date":"2023-04-19T18:19:13","date_gmt":"2023-04-19T16:19:13","guid":{"rendered":"http:\/\/75.119.146.20\/?page_id=1306"},"modified":"2024-07-23T13:20:19","modified_gmt":"2024-07-23T11:20:19","slug":"impressum","status":"publish","type":"page","link":"https:\/\/bmm-rentenberatung.de\/index.php\/impressum\/","title":{"rendered":"Impressum"},"content":{"rendered":"\t\t<div data-elementor-type=\"wp-page\" data-elementor-id=\"1306\" class=\"elementor elementor-1306\" data-elementor-post-type=\"page\">\n\t\t\t\t<div class=\"elementor-element elementor-element-e6615e3 start e-flex e-con-boxed e-con e-parent\" data-id=\"e6615e3\" data-element_type=\"container\" data-e-type=\"container\" id=\"start\" data-settings=\"{&quot;jet_parallax_layout_list&quot;:[{&quot;_id&quot;:&quot;c6a9dc6&quot;,&quot;jet_parallax_layout_image&quot;:{&quot;url&quot;:&quot;&quot;,&quot;id&quot;:&quot;&quot;,&quot;size&quot;:&quot;&quot;},&quot;jet_parallax_layout_image_tablet&quot;:{&quot;url&quot;:&quot;&quot;,&quot;id&quot;:&quot;&quot;,&quot;size&quot;:&quot;&quot;},&quot;jet_parallax_layout_image_mobile&quot;:{&quot;url&quot;:&quot;&quot;,&quot;id&quot;:&quot;&quot;,&quot;size&quot;:&quot;&quot;},&quot;jet_parallax_layout_speed&quot;:{&quot;unit&quot;:&quot;%&quot;,&quot;size&quot;:50,&quot;sizes&quot;:[]},&quot;jet_parallax_layout_type&quot;:&quot;scroll&quot;,&quot;jet_parallax_layout_direction&quot;:&quot;1&quot;,&quot;jet_parallax_layout_fx_direction&quot;:null,&quot;jet_parallax_layout_z_index&quot;:&quot;&quot;,&quot;jet_parallax_layout_bg_x&quot;:50,&quot;jet_parallax_layout_bg_x_tablet&quot;:&quot;&quot;,&quot;jet_parallax_layout_bg_x_mobile&quot;:&quot;&quot;,&quot;jet_parallax_layout_bg_y&quot;:50,&quot;jet_parallax_layout_bg_y_tablet&quot;:&quot;&quot;,&quot;jet_parallax_layout_bg_y_mobile&quot;:&quot;&quot;,&quot;jet_parallax_layout_bg_size&quot;:&quot;auto&quot;,&quot;jet_parallax_layout_bg_size_tablet&quot;:&quot;&quot;,&quot;jet_parallax_layout_bg_size_mobile&quot;:&quot;&quot;,&quot;jet_parallax_layout_animation_prop&quot;:&quot;transform&quot;,&quot;jet_parallax_layout_on&quot;:[&quot;desktop&quot;,&quot;tablet&quot;]}],&quot;background_background&quot;:&quot;classic&quot;,&quot;background_motion_fx_motion_fx_scrolling&quot;:&quot;yes&quot;,&quot;background_motion_fx_blur_effect&quot;:&quot;yes&quot;,&quot;background_motion_fx_blur_level&quot;:{&quot;unit&quot;:&quot;px&quot;,&quot;size&quot;:4,&quot;sizes&quot;:[]},&quot;background_motion_fx_blur_range&quot;:{&quot;unit&quot;:&quot;%&quot;,&quot;size&quot;:&quot;&quot;,&quot;sizes&quot;:{&quot;start&quot;:69,&quot;end&quot;:80}},&quot;background_motion_fx_blur_direction&quot;:&quot;out-in&quot;,&quot;background_motion_fx_devices&quot;:[&quot;desktop&quot;,&quot;tablet&quot;,&quot;mobile&quot;]}\">\n\t\t\t\t\t<div class=\"e-con-inner\">\n\t\t<div class=\"elementor-element elementor-element-aed8b60 e-con-full e-flex e-con e-child\" data-id=\"aed8b60\" data-element_type=\"container\" data-e-type=\"container\" data-settings=\"{&quot;jet_parallax_layout_list&quot;:[]}\">\n\t\t\t\t<div class=\"elementor-element elementor-element-2fbd76c elementor-widget elementor-widget-jet-headline\" data-id=\"2fbd76c\" data-element_type=\"widget\" data-e-type=\"widget\" data-widget_type=\"jet-headline.default\">\n\t\t\t\t<div class=\"elementor-widget-container\">\n\t\t\t\t\t<span class=\"jet-headline jet-headline--direction-horizontal\"><span class=\"jet-headline__part jet-headline__first\"><span class=\"jet-headline__label\">Impressum<\/span><\/span><span class=\"jet-headline__space\">&nbsp;<\/span><\/span>\t\t\t\t<\/div>\n\t\t\t\t<\/div>\n\t\t\t\t<div class=\"elementor-element elementor-element-a827b66 elementor-widget elementor-widget-html\" data-id=\"a827b66\" data-element_type=\"widget\" data-e-type=\"widget\" data-widget_type=\"html.default\">\n\t\t\t\t<div class=\"elementor-widget-container\">\n\t\t\t\t\t<script>\nfunction hasClass(element, className) {\n    return (' ' + element.className + ' ').indexOf(' ' + className+ ' ') > -1\n}\nfunction setCookie(cname, cvalue, exdays) {\n  var d = new Date()\n  d.setTime( d.getTime() + ( exdays * 24*60*60*1000) )\n  let expires = 'expires=' + d.toUTCString()\n  document.cookie = cname + '=' + cvalue + ';' + expires + ';path=\/'\n}\nfunction getCookie(cname) {\n  var name = cname + '=',\n    decodedCookie = decodeURIComponent(document.cookie),\n    ca = decodedCookie.split(';')\n    \n  for(let i = 0; i <ca.length; i++) {\n    var c = ca[i]\n    while (c.charAt(0) == ' ') {\n      c = c.substring(1)\n    }\n    if (c.indexOf(name) == 0) {\n      return c.substring(name.length, c.length)\n    }\n  }\n  return ''\n}\ndocument.addEventListener(\"DOMContentLoaded\", function(){\nif( getCookie('dark') == 'yes' ) {\n    document.querySelector('body').classList.add('dark')    \n}\ndocument.querySelector('.dark-toggle').addEventListener('click', function(){\n    \n    document.querySelector('body').classList.toggle('dark')\n    \n    if( hasClass(document.querySelector('body'), 'dark') ) {\n        setCookie('dark', 'yes', 30)\n    } else {\n        setCookie('dark', 'no', 30)\n    }\n})\n})\n<\/script>\t\t\t\t<\/div>\n\t\t\t\t<\/div>\n\t\t\t\t<\/div>\n\t\t<div class=\"elementor-element elementor-element-f4b99cb dark-toggle e-flex e-con-boxed e-con e-child\" data-id=\"f4b99cb\" data-element_type=\"container\" data-e-type=\"container\" data-settings=\"{&quot;jet_parallax_layout_list&quot;:[]}\">\n\t\t\t\t\t<div class=\"e-con-inner\">\n\t\t\t\t<div class=\"elementor-element elementor-element-51ab861 elementor-widget-divider--view-line elementor-widget elementor-widget-divider\" data-id=\"51ab861\" data-element_type=\"widget\" data-e-type=\"widget\" data-widget_type=\"divider.default\">\n\t\t\t\t<div class=\"elementor-widget-container\">\n\t\t\t\t\t\t\t<div class=\"elementor-divider\">\n\t\t\t<span class=\"elementor-divider-separator\">\n\t\t\t\t\t\t<\/span>\n\t\t<\/div>\n\t\t\t\t\t\t<\/div>\n\t\t\t\t<\/div>\n\t\t\t\t<div class=\"elementor-element elementor-element-5765d5e elementor-widget__width-initial elementor-absolute elementor-view-default elementor-widget elementor-widget-icon\" data-id=\"5765d5e\" data-element_type=\"widget\" data-e-type=\"widget\" data-settings=\"{&quot;_position&quot;:&quot;absolute&quot;}\" data-widget_type=\"icon.default\">\n\t\t\t\t<div class=\"elementor-widget-container\">\n\t\t\t\t\t\t\t<div class=\"elementor-icon-wrapper\">\n\t\t\t<div class=\"elementor-icon\">\n\t\t\t<i aria-hidden=\"true\" class=\"far fa-moon\"><\/i>\t\t\t<\/div>\n\t\t<\/div>\n\t\t\t\t\t\t<\/div>\n\t\t\t\t<\/div>\n\t\t\t\t\t<\/div>\n\t\t\t\t<\/div>\n\t\t\t\t\t<\/div>\n\t\t\t\t<\/div>\n\t\t<div class=\"elementor-element elementor-element-efcab46 e-flex e-con-boxed elementor-invisible e-con e-parent\" data-id=\"efcab46\" data-element_type=\"container\" data-e-type=\"container\" data-settings=\"{&quot;jet_parallax_layout_list&quot;:[{&quot;_id&quot;:&quot;8babef3&quot;,&quot;jet_parallax_layout_image&quot;:{&quot;url&quot;:&quot;&quot;,&quot;id&quot;:&quot;&quot;,&quot;size&quot;:&quot;&quot;},&quot;jet_parallax_layout_image_tablet&quot;:{&quot;url&quot;:&quot;&quot;,&quot;id&quot;:&quot;&quot;,&quot;size&quot;:&quot;&quot;},&quot;jet_parallax_layout_image_mobile&quot;:{&quot;url&quot;:&quot;&quot;,&quot;id&quot;:&quot;&quot;,&quot;size&quot;:&quot;&quot;},&quot;jet_parallax_layout_speed&quot;:{&quot;unit&quot;:&quot;%&quot;,&quot;size&quot;:50,&quot;sizes&quot;:[]},&quot;jet_parallax_layout_type&quot;:&quot;scroll&quot;,&quot;jet_parallax_layout_direction&quot;:&quot;1&quot;,&quot;jet_parallax_layout_fx_direction&quot;:null,&quot;jet_parallax_layout_z_index&quot;:&quot;&quot;,&quot;jet_parallax_layout_bg_x&quot;:50,&quot;jet_parallax_layout_bg_x_tablet&quot;:&quot;&quot;,&quot;jet_parallax_layout_bg_x_mobile&quot;:&quot;&quot;,&quot;jet_parallax_layout_bg_y&quot;:50,&quot;jet_parallax_layout_bg_y_tablet&quot;:&quot;&quot;,&quot;jet_parallax_layout_bg_y_mobile&quot;:&quot;&quot;,&quot;jet_parallax_layout_bg_size&quot;:&quot;auto&quot;,&quot;jet_parallax_layout_bg_size_tablet&quot;:&quot;&quot;,&quot;jet_parallax_layout_bg_size_mobile&quot;:&quot;&quot;,&quot;jet_parallax_layout_animation_prop&quot;:&quot;transform&quot;,&quot;jet_parallax_layout_on&quot;:[&quot;desktop&quot;,&quot;tablet&quot;]}],&quot;animation&quot;:&quot;fadeIn&quot;,&quot;animation_delay&quot;:300}\">\n\t\t\t\t\t<div class=\"e-con-inner\">\n\t\t<div class=\"elementor-element elementor-element-6169e79 e-con-full e-flex e-con e-child\" data-id=\"6169e79\" data-element_type=\"container\" data-e-type=\"container\" data-settings=\"{&quot;jet_parallax_layout_list&quot;:[]}\">\n\t\t\t\t<div class=\"elementor-element elementor-element-f8ce467 elementor-widget elementor-widget-text-editor\" data-id=\"f8ce467\" data-element_type=\"widget\" data-e-type=\"widget\" data-widget_type=\"text-editor.default\">\n\t\t\t\t<div class=\"elementor-widget-container\">\n\t\t\t\t\t\t\t\t\t<p class=\"p1\"><strong>Anschrift <\/strong><\/p><p class=\"p1\">BASTIAN | MAIZA | MEDING |<span class=\"Apple-converted-space\"> \u00a0<\/span><\/p><p class=\"p1\">Kanzlei f\u00fcr Rentenberatung GmbH<span class=\"Apple-converted-space\">\u00a0<\/span><\/p><p class=\"p1\">Seelandstra\u00dfe 14-16, 23569 L\u00fcbeck<\/p><p class=\"p1\">Tel.: 0451\/ 703231-10<\/p><p>E-Mail: info@bmm-rentenberatung.de<\/p>\t\t\t\t\t\t\t\t<\/div>\n\t\t\t\t<\/div>\n\t\t\t\t<\/div>\n\t\t<div class=\"elementor-element elementor-element-dbc3a54 e-con-full e-flex e-con e-child\" data-id=\"dbc3a54\" data-element_type=\"container\" data-e-type=\"container\" data-settings=\"{&quot;jet_parallax_layout_list&quot;:[]}\">\n\t\t\t\t<div class=\"elementor-element elementor-element-e61f713 elementor-widget elementor-widget-text-editor\" data-id=\"e61f713\" data-element_type=\"widget\" data-e-type=\"widget\" data-widget_type=\"text-editor.default\">\n\t\t\t\t<div class=\"elementor-widget-container\">\n\t\t\t\t\t\t\t\t\t<p class=\"p1\">Sitz der Gesellschaft: L\u00fcbeck<\/p><p class=\"p1\">Amtsgericht L\u00fcbeck HRB 23713 HL<\/p><p class=\"p1\">Gesch\u00e4ftsf\u00fchrer: Maik Meding, Mathias Maiza<span class=\"Apple-converted-space\">\u00a0<\/span><\/p><p class=\"p1\">RDG-Register-Nr. 3712 Ea \u2013 310<\/p><p class=\"p1\">Steuernummer: 22\/290\/66438<\/p>\t\t\t\t\t\t\t\t<\/div>\n\t\t\t\t<\/div>\n\t\t\t\t<\/div>\n\t\t\t\t\t<\/div>\n\t\t\t\t<\/div>\n\t\t<div class=\"elementor-element elementor-element-f61e87e e-flex e-con-boxed elementor-invisible e-con e-parent\" data-id=\"f61e87e\" data-element_type=\"container\" data-e-type=\"container\" data-settings=\"{&quot;jet_parallax_layout_list&quot;:[],&quot;animation&quot;:&quot;fadeIn&quot;}\">\n\t\t\t\t\t<div class=\"e-con-inner\">\n\t\t\t\t<div class=\"elementor-element elementor-element-eb34380 elementor-widget elementor-widget-text-editor\" data-id=\"eb34380\" data-element_type=\"widget\" data-e-type=\"widget\" data-widget_type=\"text-editor.default\">\n\t\t\t\t<div class=\"elementor-widget-container\">\n\t\t\t\t\t\t\t\t\t<p><strong>Inhaltlich verantwortlich<\/strong><\/p>\n<p>Mathias Maiza und Maik Meding<\/p>\n<p><strong>Rechtsform<\/strong><\/p>\n<p>Gesellschaft mit beschr\u00e4nkter Haftung (GmbH)<\/p>\n<p><strong>Vertretungsberechtigte Gesellschafter<\/strong><\/p>\n<p>Mathias Maiza<\/p>\n<p>Maik Meding<\/p>\n<p><strong>Umsatzsteuer-Identifikationsnummer gem\u00e4\u00df \u00a727 a Umsatzsteuergesetz<\/strong><\/p>\n<p>DE360367696<\/p>\n<p><strong>Berufsbezeichnung<\/strong><\/p>\n<p>Rentenberater (verliehen in der Bundesrepubik Deutschland)<\/p>\n<p>Die Berufsbezeichnung Rentenberater ergibt sich aus den Regelungen des RDG (Rechtsdienstleistungsgesetz) und darf nur von Erlaubnisinhabern gef\u00fchrt werden.<\/p>\n<p>Registrierungs- und Aufsichtsbeh\u00f6rde<\/p>\n<p>Schleswig-Holsteinisches&nbsp;Oberlandesgericht<\/p>\n<p>Gottorfstra\u00dfe 2<\/p>\n<p>24837 Schleswig<\/p>\n<p>Aktenzeichen im Rechtsdienstleistungsregister<\/p>\n<p>3712Ea-310 (BASTIAN | MAIZA |&nbsp;MEDING |&nbsp;&nbsp;Kanzlei f\u00fcr Rentenberatung GmbH)<br>3712Ea-295 (Mathias Maiza)<br>3712Ea-309 (Maik Meding)<br>3712Ea-113 (Thomas Bastian)<\/p>\n<p><strong>Berufsschadenshaftpflicht<\/strong><\/p>\n<p>Rentenberater sind aufgrund des Rechtsdienstleistungsgesetzes (RDG) verpflichtet, eine Berufshaftpflichtversicherung mit einer Mindestversicherungssumme von 250.000 \u20ac je Fall zu unterhalten. Die Einzelheiten ergeben sich aus \u00a7\u00a7 13 Abs. 2 i.V.m. 12 Abs. 1 Nr. 3 RDG.<\/p>\n<p>Im Interesse ihrer Mandanten dieser Kanzlei haben wir den&nbsp;<strong>Versicherungsschutz auf 1.500.000 \u20ac je Fall erh\u00f6ht<\/strong>.<\/p>\n<p>R+V Allgemeine Versicherung AG, Niedersachsenring 13, 30163 Hannover; Nr. 405 84 353601989 S<\/p>\n<p><strong>Berufsrechtliche Regelungen<\/strong><\/p>\n<p>Rechtsdienstleistungsgesetz (RDG)<br>Rechtsdienstleistungsverordnung (RDV)<br>Rechtsanwaltsverg\u00fctungsgesetz (RVG)<br>Satzung des Bundesverbandes der Rentenberater e.V.<\/p>\n<p>Hinweis auf EU-Streitschlichtung<\/p>\n<p>Die Europ\u00e4ische Kommission stellt eine Plattform zur Online-Streitbeilegung (OS) bereit:<br><a href=\"http:\/\/ec.europa.eu\/consumers\/odr\" rel=\"nofollow noopener\" target=\"_blank\">https:\/\/ec.europa.eu\/consumers\/odr<\/a><\/p>\n<p>Unsere E-Mail-Adresse finden sie hier im Impressum, weiter oben auf der Seite.<\/p>\n<p>Widerrufsrecht<\/p>\n<p>Informationen zum Widerrufsrecht bei au\u00dferhalb von Gesch\u00e4ftsr\u00e4umen geschlossenen&nbsp;Vertr\u00e4gen und bei Fernabsatzvertr\u00e4gen finden Sie&nbsp;<a href=\"http:\/\/www.gesetze-im-internet.de\/bgbeg\/art_248anlage_1.html\" rel=\"nofollow noopener\" target=\"_blank\">hier (externer Link)<\/a>.<\/p>\n<p>Ein Muster f\u00fcr das Widerrufsformular finden Sie&nbsp;<a href=\"http:\/\/www.gesetze-im-internet.de\/bgbeg\/art_248anlage_2.html\" rel=\"nofollow noopener\" target=\"_blank\">hier (externer Link)<\/a>.<\/p>\n<p>Informationen zur der allgemeinen Verbraucherschlichtungsstelle bekommen Sie&nbsp;<a href=\"https:\/\/www.verbraucher-schlichter.de\/herzlich-willkommen-bei-der-allgemeinen-verbraucherschlichtungsstelle-%E2%80%93-ihrer-schlichtungsstelle-fuer-verbraucherstreitigkeiten\" rel=\"nofollow noopener\" target=\"_blank\">hier (externer Link)<\/a>.<\/p>\n<p><strong>Haftung f\u00fcr Inhalte<\/strong><\/p>\n<p>Die Inhalte unserer Seiten wurden mit gr\u00f6\u00dfter Sorgfalt erstellt. F\u00fcr die Richtigkeit, Vollst\u00e4ndigkeit und Aktualit\u00e4t der Inhalte k\u00f6nnen wir jedoch keine Gew\u00e4hr \u00fcbernehmen. Als Diensteanbieter sind wir gem\u00e4\u00df \u00a7 7 Abs.1 DDG f\u00fcr eigene Inhalte auf diesen Seiten nach den allgemeinen Gesetzen verantwortlich. Nach \u00a7\u00a7 8 bis 10 DDG sind wir als Diensteanbieter jedoch nicht verpflichtet, \u00fcbermittelte oder gespeicherte fremde Informationen zu \u00fcberwachen oder nach Umst\u00e4nden zu forschen, die auf eine rechtswidrige T\u00e4tigkeit hinweisen. Verpflichtungen zur Entfernung oder Sperrung der Nutzung von Informationen nach den allgemeinen Gesetzen bleiben hiervon unber\u00fchrt. Eine diesbez\u00fcgliche Haftung ist jedoch erst ab dem Zeitpunkt der Kenntnis einer konkreten Rechtsverletzung m\u00f6glich. Bei Bekanntwerden von entsprechenden Rechtsverletzungen werden wir diese Inhalte umgehend entfernen.<\/p>\n<p><strong>Haftung f\u00fcr Links<\/strong><\/p>\n<p>Unser Angebot enth\u00e4lt Links zu externen Webseiten Dritter, auf deren Inhalte wir keinen Einfluss haben. Deshalb k\u00f6nnen wir f\u00fcr diese fremden Inhalte auch keine Gew\u00e4hr \u00fcbernehmen. F\u00fcr die Inhalte der verlinkten Seiten ist stets der jeweilige Anbieter oder Betreiber der Seiten verantwortlich. Die verlinkten Seiten wurden zum Zeitpunkt der Verlinkung auf m\u00f6gliche Rechtsverst\u00f6\u00dfe \u00fcberpr\u00fcft. Rechtswidrige Inhalte waren zum Zeitpunkt der Verlinkung nicht erkennbar. Eine permanente inhaltliche Kontrolle der verlinkten Seiten ist jedoch ohne konkrete Anhaltspunkte einer Rechtsverletzung nicht zumutbar. Bei Bekanntwerden von Rechtsverletzungen werden wir derartige Links umgehend entfernen.<\/p>\n<p><strong>Urheberrecht<\/strong><\/p>\n<p>Die durch die Seitenbetreiber erstellten Inhalte und Werke auf diesen Seiten unterliegen dem deutschen Urheberrecht. Die Vervielf\u00e4ltigung, Bearbeitung, Verbreitung und jede Art der Verwertung au\u00dferhalb der Grenzen des Urheberrechtes bed\u00fcrfen der schriftlichen Zustimmung des jeweiligen Autors bzw. Erstellers. Downloads und Kopien dieser Seite sind nur f\u00fcr den privaten, nicht kommerziellen Gebrauch gestattet. Soweit die Inhalte auf dieser Seite nicht vom Betreiber erstellt wurden, werden die Urheberrechte Dritter beachtet. Insbesondere werden Inhalte Dritter als solche gekennzeichnet. Sollten Sie trotzdem auf eine Urheberrechtsverletzung aufmerksam werden, bitten wir um einen entsprechenden Hinweis. Bei Bekanntwerden von Rechtsverletzungen werden wir derartige Inhalte umgehend entfernen.<\/p>\t\t\t\t\t\t\t\t<\/div>\n\t\t\t\t<\/div>\n\t\t\t\t\t<\/div>\n\t\t\t\t<\/div>\n\t\t\t\t<\/div>\n\t\t","protected":false},"excerpt":{"rendered":"<p>Impressum&nbsp; Anschrift BASTIAN | MAIZA | MEDING | \u00a0 Kanzlei f\u00fcr Rentenberatung GmbH\u00a0 Seelandstra\u00dfe 14-16, 23569 L\u00fcbeck Tel.: 0451\/ 703231-10 E-Mail: info@bmm-rentenberatung.de Sitz der Gesellschaft: L\u00fcbeck Amtsgericht L\u00fcbeck HRB 23713 HL Gesch\u00e4ftsf\u00fchrer: Maik Meding, Mathias Maiza\u00a0 RDG-Register-Nr. 3712 Ea \u2013 310 Steuernummer: 22\/290\/66438 Inhaltlich verantwortlich Mathias Maiza und Maik Meding Rechtsform Gesellschaft mit beschr\u00e4nkter Haftung [&hellip;]<\/p>\n","protected":false},"author":2,"featured_media":0,"parent":0,"menu_order":0,"comment_status":"closed","ping_status":"closed","template":"","meta":{"footnotes":""},"class_list":["post-1306","page","type-page","status-publish","hentry"],"_links":{"self":[{"href":"https:\/\/bmm-rentenberatung.de\/index.php\/wp-json\/wp\/v2\/pages\/1306","targetHints":{"allow":["GET"]}}],"collection":[{"href":"https:\/\/bmm-rentenberatung.de\/index.php\/wp-json\/wp\/v2\/pages"}],"about":[{"href":"https:\/\/bmm-rentenberatung.de\/index.php\/wp-json\/wp\/v2\/types\/page"}],"author":[{"embeddable":true,"href":"https:\/\/bmm-rentenberatung.de\/index.php\/wp-json\/wp\/v2\/users\/2"}],"replies":[{"embeddable":true,"href":"https:\/\/bmm-rentenberatung.de\/index.php\/wp-json\/wp\/v2\/comments?post=1306"}],"version-history":[{"count":130,"href":"https:\/\/bmm-rentenberatung.de\/index.php\/wp-json\/wp\/v2\/pages\/1306\/revisions"}],"predecessor-version":[{"id":3171,"href":"https:\/\/bmm-rentenberatung.de\/index.php\/wp-json\/wp\/v2\/pages\/1306\/revisions\/3171"}],"wp:attachment":[{"href":"https:\/\/bmm-rentenberatung.de\/index.php\/wp-json\/wp\/v2\/media?parent=1306"}],"curies":[{"name":"wp","href":"https:\/\/api.w.org\/{rel}","templated":true}]}}